{"id":1449,"date":"2023-10-05T16:16:28","date_gmt":"2023-10-05T09:16:28","guid":{"rendered":"https:\/\/vndc2.deltalabsjsc.com\/?page_id=1449"},"modified":"2023-10-23T09:00:20","modified_gmt":"2023-10-23T02:00:20","slug":"giai-phap-dot-pha","status":"publish","type":"page","link":"https:\/\/vndc2.deltalabsjsc.com\/en\/giai-phap-dot-pha\/","title":{"rendered":"Breakthrough solutions"},"content":{"rendered":"<div data-elementor-type=\"wp-page\" data-elementor-id=\"1449\" class=\"elementor elementor-1449\" data-elementor-post-type=\"page\">\n\t\t\t\t\t\t\t<div class=\"elementor-element elementor-element-e9aecdf elementor-hidden-desktop elementor-hidden-laptop elementor-hidden-tablet e-flex e-con-boxed e-con e-parent\" data-id=\"e9aecdf\" data-element_type=\"container\" data-settings=\"{&quot;background_background&quot;:&quot;classic&quot;,&quot;container_type&quot;:&quot;flex&quot;,&quot;content_width&quot;:&quot;boxed&quot;}\" data-core-v316-plus=\"true\">\n\t\t\t\t\t<div class=\"e-con-inner\">\n\t\t<div class=\"elementor-element elementor-element-db6425b e-flex e-con-boxed e-con e-child\" data-id=\"db6425b\" data-element_type=\"container\" data-settings=\"{&quot;container_type&quot;:&quot;flex&quot;,&quot;content_width&quot;:&quot;boxed&quot;}\">\n\t\t\t\t\t<div class=\"e-con-inner\">\n\t\t\t\t<div class=\"elementor-element elementor-element-fc221b9 elementor-widget elementor-widget-global elementor-global-1678 elementor-widget-image\" data-id=\"fc221b9\" data-element_type=\"widget\" data-widget_type=\"image.default\">\n\t\t\t\t<div class=\"elementor-widget-container\">\n\t\t\t<style>\/*! elementor - v3.16.0 - 20-09-2023 *\/\n.elementor-widget-image{text-align:center}.elementor-widget-image a{display:inline-block}.elementor-widget-image a img[src$=\".svg\"]{width:48px}.elementor-widget-image img{vertical-align:middle;display:inline-block}<\/style>\t\t\t\t\t\t\t\t\t\t\t\t\t<a href=\"\/en\/\">\n\t\t\t\t\t\t\t<img decoding=\"async\" width=\"1058\" height=\"561\" src=\"https:\/\/vndc2.deltalabsjsc.com\/wp-content\/uploads\/2023\/07\/VNDC_Logo@2x.png\" class=\"attachment-full size-full wp-image-1154\" alt=\"LOGO VNDC\" srcset=\"https:\/\/vndc2.deltalabsjsc.com\/wp-content\/uploads\/2023\/07\/VNDC_Logo@2x.png 1058w, https:\/\/vndc2.deltalabsjsc.com\/wp-content\/uploads\/2023\/07\/VNDC_Logo@2x-300x159.png 300w, https:\/\/vndc2.deltalabsjsc.com\/wp-content\/uploads\/2023\/07\/VNDC_Logo@2x-1024x543.png 1024w, https:\/\/vndc2.deltalabsjsc.com\/wp-content\/uploads\/2023\/07\/VNDC_Logo@2x-768x407.png 768w\" sizes=\"(max-width: 1058px) 100vw, 1058px\" \/>\t\t\t\t\t\t\t\t<\/a>\n\t\t\t\t\t\t\t\t\t\t\t\t\t\t\t<\/div>\n\t\t\t\t<\/div>\n\t\t\t\t\t<\/div>\n\t\t\t\t<\/div>\n\t\t<div class=\"elementor-element elementor-element-10ca5e6 e-flex e-con-boxed e-con e-child\" data-id=\"10ca5e6\" data-element_type=\"container\" data-settings=\"{&quot;container_type&quot;:&quot;flex&quot;,&quot;content_width&quot;:&quot;boxed&quot;}\">\n\t\t\t\t\t<div class=\"e-con-inner\">\n\t\t<div class=\"elementor-element elementor-element-3abc41a e-flex e-con-boxed e-con e-child\" data-id=\"3abc41a\" data-element_type=\"container\" data-settings=\"{&quot;container_type&quot;:&quot;flex&quot;,&quot;content_width&quot;:&quot;boxed&quot;}\">\n\t\t\t\t\t<div class=\"e-con-inner\">\n\t\t\t\t<div class=\"elementor-element elementor-element-75513eb elementor-widget elementor-widget-image\" data-id=\"75513eb\" data-element_type=\"widget\" data-widget_type=\"image.default\">\n\t\t\t\t<div class=\"elementor-widget-container\">\n\t\t\t<style>.elementor-element-75513eb{display:none !important}<\/style>\t\t<\/div>\n\t\t\t\t<\/div>\n\t\t\t\t<div class=\"elementor-element elementor-element-a696b7a elementor-widget elementor-widget-global elementor-global-2064 elementor-widget-image\" data-id=\"a696b7a\" data-element_type=\"widget\" data-widget_type=\"image.default\">\n\t\t\t\t<div class=\"elementor-widget-container\">\n\t\t\t\t\t\t\t\t\t\t\t\t\t\t\t\t<a href=\"https:\/\/vndc2.deltalabsjsc.com\/vi\">\n\t\t\t\t\t\t\t<img decoding=\"async\" width=\"37\" height=\"27\" src=\"https:\/\/vndc2.deltalabsjsc.com\/wp-content\/uploads\/2023\/10\/Vietnam-VN.png\" class=\"attachment-full size-full wp-image-1932\" alt=\"\" srcset=\"https:\/\/vndc2.deltalabsjsc.com\/wp-content\/uploads\/2023\/10\/Vietnam-VN.png 37w, https:\/\/vndc2.deltalabsjsc.com\/wp-content\/uploads\/2023\/10\/Vietnam-VN-16x12.png 16w\" sizes=\"(max-width: 37px) 100vw, 37px\" \/>\t\t\t\t\t\t\t\t<\/a>\n\t\t\t\t\t\t\t\t\t\t\t\t\t\t\t<\/div>\n\t\t\t\t<\/div>\n\t\t\t\t\t<\/div>\n\t\t\t\t<\/div>\n\t\t\t\t\t<\/div>\n\t\t\t\t<\/div>\n\t\t\t\t\t<\/div>\n\t\t\t\t<\/div>\n\t\t<div class=\"elementor-element elementor-element-89ce308 elementor-hidden-desktop elementor-hidden-laptop elementor-hidden-tablet e-flex e-con-boxed e-con e-parent\" data-id=\"89ce308\" data-element_type=\"container\" data-settings=\"{&quot;container_type&quot;:&quot;flex&quot;,&quot;content_width&quot;:&quot;boxed&quot;}\" data-core-v316-plus=\"true\">\n\t\t\t\t\t<div class=\"e-con-inner\">\n\t\t<div class=\"elementor-element elementor-element-6c2acce e-flex e-con-boxed e-con e-child\" data-id=\"6c2acce\" data-element_type=\"container\" data-settings=\"{&quot;container_type&quot;:&quot;flex&quot;,&quot;content_width&quot;:&quot;boxed&quot;}\">\n\t\t\t\t\t<div class=\"e-con-inner\">\n\t\t\t\t<div class=\"elementor-element elementor-element-168f66a elementor-widget-mobile__width-initial elementor-icon-list--layout-traditional elementor-list-item-link-full_width elementor-widget elementor-widget-icon-list\" data-id=\"168f66a\" data-element_type=\"widget\" data-widget_type=\"icon-list.default\">\n\t\t\t\t<div class=\"elementor-widget-container\">\n\t\t\t<link rel=\"stylesheet\" href=\"https:\/\/vndc2.deltalabsjsc.com\/wp-content\/uploads\/elementor\/css\/custom-widget-icon-list.min.css?ver=1696742195\">\t\t<ul class=\"elementor-icon-list-items\">\n\t\t\t\t\t\t\t<li class=\"elementor-icon-list-item\">\n\t\t\t\t\t\t\t\t\t\t\t<a href=\"\/en\/\">\n\n\t\t\t\t\t\t\t\t\t\t\t\t<span class=\"elementor-icon-list-icon\">\n\t\t\t\t\t\t\t<i aria-hidden=\"true\" class=\"fas fa-chevron-left\"><\/i>\t\t\t\t\t\t<\/span>\n\t\t\t\t\t\t\t\t\t\t<span class=\"elementor-icon-list-text\">Back<\/span>\n\t\t\t\t\t\t\t\t\t\t\t<\/a>\n\t\t\t\t\t\t\t\t\t<\/li>\n\t\t\t\t\t\t<\/ul>\n\t\t\t\t<\/div>\n\t\t\t\t<\/div>\n\t\t\t\t<div class=\"elementor-element elementor-element-8f8c39b elementor-widget-divider--view-line elementor-widget elementor-widget-divider\" data-id=\"8f8c39b\" data-element_type=\"widget\" data-widget_type=\"divider.default\">\n\t\t\t\t<div class=\"elementor-widget-container\">\n\t\t\t<style>\/*! elementor - v3.16.0 - 20-09-2023 *\/\n.elementor-widget-divider{--divider-border-style:none;--divider-border-width:1px;--divider-color:#0c0d0e;--divider-icon-size:20px;--divider-element-spacing:10px;--divider-pattern-height:24px;--divider-pattern-size:20px;--divider-pattern-url:none;--divider-pattern-repeat:repeat-x}.elementor-widget-divider .elementor-divider{display:flex}.elementor-widget-divider .elementor-divider__text{font-size:15px;line-height:1;max-width:95%}.elementor-widget-divider .elementor-divider__element{margin:0 var(--divider-element-spacing);flex-shrink:0}.elementor-widget-divider .elementor-icon{font-size:var(--divider-icon-size)}.elementor-widget-divider .elementor-divider-separator{display:flex;margin:0;direction:ltr}.elementor-widget-divider--view-line_icon .elementor-divider-separator,.elementor-widget-divider--view-line_text .elementor-divider-separator{align-items:center}.elementor-widget-divider--view-line_icon .elementor-divider-separator:after,.elementor-widget-divider--view-line_icon .elementor-divider-separator:before,.elementor-widget-divider--view-line_text .elementor-divider-separator:after,.elementor-widget-divider--view-line_text .elementor-divider-separator:before{display:block;content:\"\";border-bottom:0;flex-grow:1;border-top:var(--divider-border-width) var(--divider-border-style) var(--divider-color)}.elementor-widget-divider--element-align-left .elementor-divider .elementor-divider-separator>.elementor-divider__svg:first-of-type{flex-grow:0;flex-shrink:100}.elementor-widget-divider--element-align-left .elementor-divider-separator:before{content:none}.elementor-widget-divider--element-align-left .elementor-divider__element{margin-left:0}.elementor-widget-divider--element-align-right .elementor-divider .elementor-divider-separator>.elementor-divider__svg:last-of-type{flex-grow:0;flex-shrink:100}.elementor-widget-divider--element-align-right .elementor-divider-separator:after{content:none}.elementor-widget-divider--element-align-right .elementor-divider__element{margin-right:0}.elementor-widget-divider:not(.elementor-widget-divider--view-line_text):not(.elementor-widget-divider--view-line_icon) .elementor-divider-separator{border-top:var(--divider-border-width) var(--divider-border-style) var(--divider-color)}.elementor-widget-divider--separator-type-pattern{--divider-border-style:none}.elementor-widget-divider--separator-type-pattern.elementor-widget-divider--view-line .elementor-divider-separator,.elementor-widget-divider--separator-type-pattern:not(.elementor-widget-divider--view-line) .elementor-divider-separator:after,.elementor-widget-divider--separator-type-pattern:not(.elementor-widget-divider--view-line) .elementor-divider-separator:before,.elementor-widget-divider--separator-type-pattern:not([class*=elementor-widget-divider--view]) .elementor-divider-separator{width:100%;min-height:var(--divider-pattern-height);-webkit-mask-size:var(--divider-pattern-size) 100%;mask-size:var(--divider-pattern-size) 100%;-webkit-mask-repeat:var(--divider-pattern-repeat);mask-repeat:var(--divider-pattern-repeat);background-color:var(--divider-color);-webkit-mask-image:var(--divider-pattern-url);mask-image:var(--divider-pattern-url)}.elementor-widget-divider--no-spacing{--divider-pattern-size:auto}.elementor-widget-divider--bg-round{--divider-pattern-repeat:round}.rtl .elementor-widget-divider .elementor-divider__text{direction:rtl}.e-con-inner>.elementor-widget-divider,.e-con>.elementor-widget-divider{width:var(--container-widget-width,100%);--flex-grow:var(--container-widget-flex-grow)}<\/style>\t\t<div class=\"elementor-divider\">\n\t\t\t<span class=\"elementor-divider-separator\">\n\t\t\t\t\t\t<\/span>\n\t\t<\/div>\n\t\t\t\t<\/div>\n\t\t\t\t<\/div>\n\t\t\t\t<div class=\"elementor-element elementor-element-864c755 elementor-widget elementor-widget-heading\" data-id=\"864c755\" data-element_type=\"widget\" data-widget_type=\"heading.default\">\n\t\t\t\t<div class=\"elementor-widget-container\">\n\t\t\t<style>\/*! elementor - v3.16.0 - 20-09-2023 *\/\n.elementor-heading-title{padding:0;margin:0;line-height:1}.elementor-widget-heading .elementor-heading-title[class*=elementor-size-]>a{color:inherit;font-size:inherit;line-height:inherit}.elementor-widget-heading .elementor-heading-title.elementor-size-small{font-size:15px}.elementor-widget-heading .elementor-heading-title.elementor-size-medium{font-size:19px}.elementor-widget-heading .elementor-heading-title.elementor-size-large{font-size:29px}.elementor-widget-heading .elementor-heading-title.elementor-size-xl{font-size:39px}.elementor-widget-heading .elementor-heading-title.elementor-size-xxl{font-size:59px}<\/style><h2 class=\"elementor-heading-title elementor-size-default\">Breakthrough solutions<\/h2>\t\t<\/div>\n\t\t\t\t<\/div>\n\t\t\t\t\t<\/div>\n\t\t\t\t<\/div>\n\t\t<div class=\"elementor-element elementor-element-94f2360 e-flex e-con-boxed e-con e-child\" data-id=\"94f2360\" data-element_type=\"container\" data-settings=\"{&quot;container_type&quot;:&quot;flex&quot;,&quot;content_width&quot;:&quot;boxed&quot;}\">\n\t\t\t\t\t<div class=\"e-con-inner\">\n\t\t<div class=\"elementor-element elementor-element-28fe8fe e-flex e-con-boxed e-con e-child\" data-id=\"28fe8fe\" data-element_type=\"container\" data-settings=\"{&quot;container_type&quot;:&quot;flex&quot;,&quot;content_width&quot;:&quot;boxed&quot;}\">\n\t\t\t\t\t<div class=\"e-con-inner\">\n\t\t\t\t<div class=\"elementor-element elementor-element-8eb6f01 elementor-widget elementor-widget-image\" data-id=\"8eb6f01\" data-element_type=\"widget\" data-widget_type=\"image.default\">\n\t\t\t\t<div class=\"elementor-widget-container\">\n\t\t\t\t\t\t\t\t\t\t\t\t\t\t\t<img decoding=\"async\" width=\"256\" height=\"256\" src=\"https:\/\/vndc2.deltalabsjsc.com\/wp-content\/uploads\/2023\/10\/euro_contract_black-1.png\" class=\"attachment-full size-full wp-image-1234\" alt=\"\" srcset=\"https:\/\/vndc2.deltalabsjsc.com\/wp-content\/uploads\/2023\/10\/euro_contract_black-1.png 256w, https:\/\/vndc2.deltalabsjsc.com\/wp-content\/uploads\/2023\/10\/euro_contract_black-1-150x150.png 150w\" sizes=\"(max-width: 256px) 100vw, 256px\" \/>\t\t\t\t\t\t\t\t\t\t\t\t\t\t\t<\/div>\n\t\t\t\t<\/div>\n\t\t\t\t<div class=\"elementor-element elementor-element-65efe8a elementor-widget elementor-widget-heading\" data-id=\"65efe8a\" data-element_type=\"widget\" data-widget_type=\"heading.default\">\n\t\t\t\t<div class=\"elementor-widget-container\">\n\t\t\t<h2 class=\"elementor-heading-title elementor-size-default\">Special Digital Assets<\/h2>\t\t<\/div>\n\t\t\t\t<\/div>\n\t\t\t\t<div class=\"elementor-element elementor-element-f7ebd96 elementor-widget elementor-widget-text-editor\" data-id=\"f7ebd96\" data-element_type=\"widget\" data-widget_type=\"text-editor.default\">\n\t\t\t\t<div class=\"elementor-widget-container\">\n\t\t\t<style>\/*! elementor - v3.16.0 - 20-09-2023 *\/\n.elementor-widget-text-editor.elementor-drop-cap-view-stacked .elementor-drop-cap{background-color:#69727d;color:#fff}.elementor-widget-text-editor.elementor-drop-cap-view-framed .elementor-drop-cap{color:#69727d;border:3px solid;background-color:transparent}.elementor-widget-text-editor:not(.elementor-drop-cap-view-default) .elementor-drop-cap{margin-top:8px}.elementor-widget-text-editor:not(.elementor-drop-cap-view-default) .elementor-drop-cap-letter{width:1em;height:1em}.elementor-widget-text-editor .elementor-drop-cap{float:left;text-align:center;line-height:1;font-size:50px}.elementor-widget-text-editor .elementor-drop-cap-letter{display:inline-block}<\/style>\t\t\t\t<p>Always keep the conversion price based on the liquidity value of the VNDC\/USDT - VNDC\/USDC pair. Maintain liquidity and minimize risks for users.<\/p>\t\t\t\t\t\t<\/div>\n\t\t\t\t<\/div>\n\t\t\t\t\t<\/div>\n\t\t\t\t<\/div>\n\t\t<div class=\"elementor-element elementor-element-3d83822 e-flex e-con-boxed e-con e-child\" data-id=\"3d83822\" data-element_type=\"container\" data-settings=\"{&quot;container_type&quot;:&quot;flex&quot;,&quot;content_width&quot;:&quot;boxed&quot;}\">\n\t\t\t\t\t<div class=\"e-con-inner\">\n\t\t\t\t<div class=\"elementor-element elementor-element-b342b02 elementor-widget elementor-widget-image\" data-id=\"b342b02\" data-element_type=\"widget\" data-widget_type=\"image.default\">\n\t\t\t\t<div class=\"elementor-widget-container\">\n\t\t\t\t\t\t\t\t\t\t\t\t\t\t\t<img decoding=\"async\" width=\"256\" height=\"256\" src=\"https:\/\/vndc2.deltalabsjsc.com\/wp-content\/uploads\/2023\/10\/euro_contract_black-1-1.png\" class=\"attachment-full size-full wp-image-1238\" alt=\"\" srcset=\"https:\/\/vndc2.deltalabsjsc.com\/wp-content\/uploads\/2023\/10\/euro_contract_black-1-1.png 256w, https:\/\/vndc2.deltalabsjsc.com\/wp-content\/uploads\/2023\/10\/euro_contract_black-1-1-150x150.png 150w\" sizes=\"(max-width: 256px) 100vw, 256px\" \/>\t\t\t\t\t\t\t\t\t\t\t\t\t\t\t<\/div>\n\t\t\t\t<\/div>\n\t\t\t\t<div class=\"elementor-element elementor-element-f84d90e elementor-widget elementor-widget-heading\" data-id=\"f84d90e\" data-element_type=\"widget\" data-widget_type=\"heading.default\">\n\t\t\t\t<div class=\"elementor-widget-container\">\n\t\t\t<h2 class=\"elementor-heading-title elementor-size-default\">Always maintain liquidity<\/h2>\t\t<\/div>\n\t\t\t\t<\/div>\n\t\t\t\t<div class=\"elementor-element elementor-element-99f7eba elementor-widget elementor-widget-text-editor\" data-id=\"99f7eba\" data-element_type=\"widget\" data-widget_type=\"text-editor.default\">\n\t\t\t\t<div class=\"elementor-widget-container\">\n\t\t\t\t\t\t\t<p>Maintain real-time liquidity and continuous trading access with instant deposit\/withdrawal transactions and liquidity.<\/p>\t\t\t\t\t\t<\/div>\n\t\t\t\t<\/div>\n\t\t\t\t\t<\/div>\n\t\t\t\t<\/div>\n\t\t\t\t\t<\/div>\n\t\t\t\t<\/div>\n\t\t<div class=\"elementor-element elementor-element-78cfa2d e-flex e-con-boxed e-con e-child\" data-id=\"78cfa2d\" data-element_type=\"container\" data-settings=\"{&quot;container_type&quot;:&quot;flex&quot;,&quot;content_width&quot;:&quot;boxed&quot;}\">\n\t\t\t\t\t<div class=\"e-con-inner\">\n\t\t<div class=\"elementor-element elementor-element-82874f6 e-flex e-con-boxed e-con e-child\" data-id=\"82874f6\" data-element_type=\"container\" data-settings=\"{&quot;container_type&quot;:&quot;flex&quot;,&quot;content_width&quot;:&quot;boxed&quot;}\">\n\t\t\t\t\t<div class=\"e-con-inner\">\n\t\t\t\t<div class=\"elementor-element elementor-element-0364a1f elementor-widget elementor-widget-image\" data-id=\"0364a1f\" data-element_type=\"widget\" data-widget_type=\"image.default\">\n\t\t\t\t<div class=\"elementor-widget-container\">\n\t\t\t\t\t\t\t\t\t\t\t\t\t\t\t<img decoding=\"async\" width=\"256\" height=\"256\" src=\"https:\/\/vndc2.deltalabsjsc.com\/wp-content\/uploads\/2023\/10\/euro_contract_black-1-2.png\" class=\"attachment-full size-full wp-image-1239\" alt=\"\" srcset=\"https:\/\/vndc2.deltalabsjsc.com\/wp-content\/uploads\/2023\/10\/euro_contract_black-1-2.png 256w, https:\/\/vndc2.deltalabsjsc.com\/wp-content\/uploads\/2023\/10\/euro_contract_black-1-2-150x150.png 150w\" sizes=\"(max-width: 256px) 100vw, 256px\" \/>\t\t\t\t\t\t\t\t\t\t\t\t\t\t\t<\/div>\n\t\t\t\t<\/div>\n\t\t\t\t<div class=\"elementor-element elementor-element-5829edb elementor-widget elementor-widget-heading\" data-id=\"5829edb\" data-element_type=\"widget\" data-widget_type=\"heading.default\">\n\t\t\t\t<div class=\"elementor-widget-container\">\n\t\t\t<h2 class=\"elementor-heading-title elementor-size-default\">Promoting the development of the Web3 industry in Vietnam<\/h2>\t\t<\/div>\n\t\t\t\t<\/div>\n\t\t\t\t<div class=\"elementor-element elementor-element-1ebb128 elementor-widget elementor-widget-text-editor\" data-id=\"1ebb128\" data-element_type=\"widget\" data-widget_type=\"text-editor.default\">\n\t\t\t\t<div class=\"elementor-widget-container\">\n\t\t\t\t\t\t\t<p>Developers can leverage VNDC as valuation assets and provide liquidity for Web3 projects. Safety, convenience and high liquidity for development projects in Vietnam<\/p>\t\t\t\t\t\t<\/div>\n\t\t\t\t<\/div>\n\t\t\t\t\t<\/div>\n\t\t\t\t<\/div>\n\t\t<div class=\"elementor-element elementor-element-7b53822 e-flex e-con-boxed e-con e-child\" data-id=\"7b53822\" data-element_type=\"container\" data-settings=\"{&quot;container_type&quot;:&quot;flex&quot;,&quot;content_width&quot;:&quot;boxed&quot;}\">\n\t\t\t\t\t<div class=\"e-con-inner\">\n\t\t\t\t\t<\/div>\n\t\t\t\t<\/div>\n\t\t\t\t\t<\/div>\n\t\t\t\t<\/div>\n\t\t\t\t\t<\/div>\n\t\t\t\t<\/div>\n\t\t\t\t\t\t\t<\/div>","protected":false},"excerpt":{"rendered":"<p>Tr\u1edf v\u1ec1 Gi\u1ea3i ph\u00e1p \u0111\u1ed9t ph\u00e1 T\u00e0i s\u1ea3n k\u1ef9 thu\u1eadt s\u1ed1 \u0111\u1eb7c bi\u1ec7t Lu\u00f4n lu\u00f4n gi\u1eef gi\u00e1 quy \u0111\u1ed5i d\u1ef1a theo gi\u00e1 tr\u1ecb thanh kho\u1ea3n c\u1ee7a c\u1eb7p VNDC\/USDT &#8211; VNDC\/USDC. Duy tr\u00ec thanh kho\u1ea3n v\u00e0 gi\u1ea3m thi\u1ec3u r\u1ee7i ro cho ng\u01b0\u1eddi d\u00f9ng. Lu\u00f4n duy tr\u00ec t\u00ednh thanh kho\u1ea3n Duy tr\u00ec thanh kho\u1ea3n v\u00e0 truy giao [&hellip;]<\/p>","protected":false},"author":1,"featured_media":1915,"parent":0,"menu_order":0,"comment_status":"closed","ping_status":"closed","template":"","meta":{"footnotes":""},"_links":{"self":[{"href":"https:\/\/vndc2.deltalabsjsc.com\/en\/wp-json\/wp\/v2\/pages\/1449"}],"collection":[{"href":"https:\/\/vndc2.deltalabsjsc.com\/en\/wp-json\/wp\/v2\/pages"}],"about":[{"href":"https:\/\/vndc2.deltalabsjsc.com\/en\/wp-json\/wp\/v2\/types\/page"}],"author":[{"embeddable":true,"href":"https:\/\/vndc2.deltalabsjsc.com\/en\/wp-json\/wp\/v2\/users\/1"}],"replies":[{"embeddable":true,"href":"https:\/\/vndc2.deltalabsjsc.com\/en\/wp-json\/wp\/v2\/comments?post=1449"}],"version-history":[{"count":25,"href":"https:\/\/vndc2.deltalabsjsc.com\/en\/wp-json\/wp\/v2\/pages\/1449\/revisions"}],"predecessor-version":[{"id":2134,"href":"https:\/\/vndc2.deltalabsjsc.com\/en\/wp-json\/wp\/v2\/pages\/1449\/revisions\/2134"}],"wp:featuredmedia":[{"embeddable":true,"href":"https:\/\/vndc2.deltalabsjsc.com\/en\/wp-json\/wp\/v2\/media\/1915"}],"wp:attachment":[{"href":"https:\/\/vndc2.deltalabsjsc.com\/en\/wp-json\/wp\/v2\/media?parent=1449"}],"curies":[{"name":"wp","href":"https:\/\/api.w.org\/{rel}","templated":true}]}}